{"id":5679,"date":"2025-05-10T18:24:17","date_gmt":"2025-05-10T16:24:17","guid":{"rendered":"https:\/\/mesperlesarepasser.fr\/?page_id=5679"},"modified":"2025-10-02T12:41:44","modified_gmt":"2025-10-02T10:41:44","slug":"legal-notice","status":"publish","type":"page","link":"https:\/\/mesperlesarepasser.fr\/en\/mentions-legales\/","title":{"rendered":"Legal Notice"},"content":{"rendered":"<h3 class=\"wp-block-heading\">\u00c9diteur du site<\/h3>\n\n\n\n<p>Le pr\u00e9sent site est \u00e9dit\u00e9 par un particulier situ\u00e9 dans les Landes, France.<br>Contact : <a>contact@mesperlesarepasser.fr<\/a><br>Site web : <a class=\"\" href=\"https:\/\/mesperlesarepasser.fr\/en\/\">https:\/\/mesperlesarepasser.fr<\/a><\/p>\n\n\n\n<h3 class=\"wp-block-heading\">H\u00e9bergeur<\/h3>\n\n\n\n<p>Le site est h\u00e9berg\u00e9 par :<br><strong>OVH SAS<\/strong><br>2 rue Kellermann, 59100 Roubaix, France<br>T\u00e9l\u00e9phone : 1007<br>Site web : <a class=\"\" href=\"https:\/\/www.ovhcloud.com\">https:\/\/www.ovhcloud.com<\/a><\/p>\n\n\n\n<h3 class=\"wp-block-heading\">Propri\u00e9t\u00e9 intellectuelle<\/h3>\n\n\n\n<p>L\u2019ensemble des contenus pr\u00e9sents sur le site &#8211; textes, images, visuels, logo, fichiers t\u00e9l\u00e9chargeables, etc. &#8211; est la propri\u00e9t\u00e9 exclusive de son \u00e9diteur, sauf mentions l\u00e9gales contraires.<br>Nous <strong>interdisons toute reproduction, distribution, modification ou utilisation<\/strong> sans autorisation pr\u00e9alable.<\/p>\n\n\n\n<h3 class=\"wp-block-heading\">Donn\u00e9es personnelles<\/h3>\n\n\n\n<p>Les donn\u00e9es collect\u00e9es via les formulaires de contact ou d\u2019inscription \u00e0 la newsletter sont strictement confidentielles. Le site n\u2019utilise vos donn\u00e9es que pour l\u2019envoi d\u2019informations et pour r\u00e9pondre \u00e0 vos demandes.<br>Conform\u00e9ment au RGPD, vous pouvez exercer votre droit d\u2019acc\u00e8s, de rectification ou de suppression de vos donn\u00e9es en \u00e9crivant \u00e0 : <a>contact@mesperlesarepasser.fr<\/a><\/p>\n\n\n\n<h3 class=\"wp-block-heading\">Cookies<\/h3>\n\n\n\n<p>Le site utilise des cookies afin d\u2019am\u00e9liorer l\u2019exp\u00e9rience utilisateur et \u00e0 des fins de mesure d\u2019audience. En poursuivant la navigation, vous acceptez l\u2019utilisation de ces cookies.<br>Le site affiche un <strong>bandeau de gestion du consentement<\/strong> lors de votre premi\u00e8re visite.<\/p>\n\n\n\n<h3 class=\"wp-block-heading\">Inspiration et cr\u00e9ation originale<\/h3>\n\n\n\n<p>Nous nous inspirons parfois d&rsquo;<strong>images existantes<\/strong> pour cr\u00e9er certains de nos mod\u00e8les. Elles proviennent d&rsquo;acc\u00e8s libres (Pinterest, portails cr\u00e9atifs, supports pixel art ou imprim\u00e9s). Lorsqu\u2019une image sert de base, nous <strong>la citons toujours en source<\/strong> \u00e0 la fin de l\u2019article.<\/p>\n\n\n\n<p>Nous <strong>dessinons, redessinons et adaptons<\/strong> chaque mod\u00e8le. Nous proposons une version originale \u00e0 utiliser pour vos loisirs cr\u00e9atifs. Vous pouvez profiter de nos mod\u00e8les pour vos cr\u00e9ations personnelles, tout en respectant les sources et le travail d\u2019inspiration.<\/p>\n\n\n\n<p><strong>Merci d&rsquo;avoir pris le temps de lire nos mentions l\u00e9gales.<\/strong><\/p>\n\n\n\n<p><\/p>","protected":false},"excerpt":{"rendered":"<p>\u00c9diteur du site Le pr\u00e9sent site est \u00e9dit\u00e9 par un particulier situ\u00e9 dans les Landes, France.Contact : contact@mesperlesarepasser.frSite web : https:\/\/mesperlesarepasser.fr H\u00e9bergeur Le site est h\u00e9berg\u00e9 par :OVH SAS2 rue Kellermann, 59100 Roubaix, FranceT\u00e9l\u00e9phone : 1007Site web : https:\/\/www.ovhcloud.com Propri\u00e9t\u00e9 intellectuelle L\u2019ensemble des contenus pr\u00e9sents sur le site &#8211; textes, images, visuels, logo, fichiers t\u00e9l\u00e9chargeables,&hellip;<\/p>","protected":false},"author":1,"featured_media":0,"parent":0,"menu_order":0,"comment_status":"closed","ping_status":"closed","template":"","meta":{"footnotes":""},"class_list":["post-5679","page","type-page","status-publish","hentry"],"yoast_head":"<!-- This site is optimized with the Yoast SEO plugin v27.4 - https:\/\/yoast.com\/product\/yoast-seo-wordpress\/ -->\n<title>Mentions l\u00e9gales - Mes Perles \u00e0 Repasser<\/title>\n<meta name=\"description\" content=\"Consultez les mentions l\u00e9gales de Mes Perles \u00e0 Repasser \ud83d\udc9c Informations \u00e9diteur, protection des donn\u00e9es et conditions d\u2019utilisation du site.\" \/>\n<meta name=\"robots\" content=\"index, follow, max-snippet:-1, max-image-preview:large, max-video-preview:-1\" \/>\n<link rel=\"canonical\" href=\"https:\/\/mesperlesarepasser.fr\/en\/legal-notice\/\" \/>\n<meta property=\"og:locale\" content=\"en_GB\" \/>\n<meta property=\"og:type\" content=\"article\" \/>\n<meta property=\"og:title\" content=\"Mentions l\u00e9gales - Mes Perles \u00e0 Repasser\" \/>\n<meta property=\"og:description\" content=\"Consultez les mentions l\u00e9gales de Mes Perles \u00e0 Repasser \ud83d\udc9c Informations \u00e9diteur, protection des donn\u00e9es et conditions d\u2019utilisation du site.\" \/>\n<meta property=\"og:url\" content=\"https:\/\/mesperlesarepasser.fr\/en\/legal-notice\/\" \/>\n<meta property=\"og:site_name\" content=\"Mes Perles \u00e0 Repasser\" \/>\n<meta property=\"article:publisher\" content=\"https:\/\/www.facebook.com\/LesPerlesdAdam\/\" \/>\n<meta property=\"article:modified_time\" content=\"2025-10-02T10:41:44+00:00\" \/>\n<meta name=\"twitter:card\" content=\"summary_large_image\" \/>\n<meta name=\"twitter:label1\" content=\"Estimated reading time\" \/>\n\t<meta name=\"twitter:data1\" content=\"2 minutes\" \/>\n<script type=\"application\/ld+json\" class=\"yoast-schema-graph\">{\"@context\":\"https:\\\/\\\/schema.org\",\"@graph\":[{\"@type\":\"WebPage\",\"@id\":\"https:\\\/\\\/mesperlesarepasser.fr\\\/mentions-legales\\\/\",\"url\":\"https:\\\/\\\/mesperlesarepasser.fr\\\/mentions-legales\\\/\",\"name\":\"Mentions l\u00e9gales - Mes Perles \u00e0 Repasser\",\"isPartOf\":{\"@id\":\"https:\\\/\\\/mesperlesarepasser.fr\\\/#website\"},\"datePublished\":\"2025-05-10T16:24:17+00:00\",\"dateModified\":\"2025-10-02T10:41:44+00:00\",\"description\":\"Consultez les mentions l\u00e9gales de Mes Perles \u00e0 Repasser \ud83d\udc9c Informations \u00e9diteur, protection des donn\u00e9es et conditions d\u2019utilisation du site.\",\"breadcrumb\":{\"@id\":\"https:\\\/\\\/mesperlesarepasser.fr\\\/mentions-legales\\\/#breadcrumb\"},\"inLanguage\":\"en-GB\",\"potentialAction\":[{\"@type\":\"ReadAction\",\"target\":[\"https:\\\/\\\/mesperlesarepasser.fr\\\/mentions-legales\\\/\"]}]},{\"@type\":\"BreadcrumbList\",\"@id\":\"https:\\\/\\\/mesperlesarepasser.fr\\\/mentions-legales\\\/#breadcrumb\",\"itemListElement\":[{\"@type\":\"ListItem\",\"position\":1,\"name\":\"Accueil\",\"item\":\"https:\\\/\\\/mesperlesarepasser.fr\\\/\"},{\"@type\":\"ListItem\",\"position\":2,\"name\":\"Mentions l\u00e9gales\"}]},{\"@type\":\"WebSite\",\"@id\":\"https:\\\/\\\/mesperlesarepasser.fr\\\/#website\",\"url\":\"https:\\\/\\\/mesperlesarepasser.fr\\\/\",\"name\":\"Mes Perles \u00e0 Repasser\",\"description\":\"Imprimez vos mod\u00e8les de perles \u00e0 repasser !\",\"publisher\":{\"@id\":\"https:\\\/\\\/mesperlesarepasser.fr\\\/#\\\/schema\\\/person\\\/e54ccc99566c4b6947b51a0d1845ef20\"},\"potentialAction\":[{\"@type\":\"SearchAction\",\"target\":{\"@type\":\"EntryPoint\",\"urlTemplate\":\"https:\\\/\\\/mesperlesarepasser.fr\\\/?s={search_term_string}\"},\"query-input\":{\"@type\":\"PropertyValueSpecification\",\"valueRequired\":true,\"valueName\":\"search_term_string\"}}],\"inLanguage\":\"en-GB\"},{\"@type\":[\"Person\",\"Organization\"],\"@id\":\"https:\\\/\\\/mesperlesarepasser.fr\\\/#\\\/schema\\\/person\\\/e54ccc99566c4b6947b51a0d1845ef20\",\"name\":\"Adam\",\"image\":{\"@type\":\"ImageObject\",\"inLanguage\":\"en-GB\",\"@id\":\"https:\\\/\\\/secure.gravatar.com\\\/avatar\\\/96e7b2a9d02eb3bb7eb8e2dacbe1fed417623a3c7c5c38b692f011c462453d10?s=96&d=retro&r=g\",\"url\":\"https:\\\/\\\/secure.gravatar.com\\\/avatar\\\/96e7b2a9d02eb3bb7eb8e2dacbe1fed417623a3c7c5c38b692f011c462453d10?s=96&d=retro&r=g\",\"contentUrl\":\"https:\\\/\\\/secure.gravatar.com\\\/avatar\\\/96e7b2a9d02eb3bb7eb8e2dacbe1fed417623a3c7c5c38b692f011c462453d10?s=96&d=retro&r=g\",\"caption\":\"Adam\"},\"logo\":{\"@id\":\"https:\\\/\\\/secure.gravatar.com\\\/avatar\\\/96e7b2a9d02eb3bb7eb8e2dacbe1fed417623a3c7c5c38b692f011c462453d10?s=96&d=retro&r=g\"},\"sameAs\":[\"https:\\\/\\\/mesperlesarepasser.fr\",\"https:\\\/\\\/www.facebook.com\\\/LesPerlesdAdam\\\/\",\"https:\\\/\\\/www.instagram.com\\\/lesperlesdadam\\\/\",\"https:\\\/\\\/www.pinterest.fr\\\/LesPerlesdAdam\\\/\"]}]}<\/script>\n<!-- \/ Yoast SEO plugin. -->","yoast_head_json":{"title":"Mentions l\u00e9gales - Mes Perles \u00e0 Repasser","description":"Consultez les mentions l\u00e9gales de Mes Perles \u00e0 Repasser \ud83d\udc9c Informations \u00e9diteur, protection des donn\u00e9es et conditions d\u2019utilisation du site.","robots":{"index":"index","follow":"follow","max-snippet":"max-snippet:-1","max-image-preview":"max-image-preview:large","max-video-preview":"max-video-preview:-1"},"canonical":"https:\/\/mesperlesarepasser.fr\/en\/legal-notice\/","og_locale":"en_GB","og_type":"article","og_title":"Mentions l\u00e9gales - Mes Perles \u00e0 Repasser","og_description":"Consultez les mentions l\u00e9gales de Mes Perles \u00e0 Repasser \ud83d\udc9c Informations \u00e9diteur, protection des donn\u00e9es et conditions d\u2019utilisation du site.","og_url":"https:\/\/mesperlesarepasser.fr\/en\/legal-notice\/","og_site_name":"Mes Perles \u00e0 Repasser","article_publisher":"https:\/\/www.facebook.com\/LesPerlesdAdam\/","article_modified_time":"2025-10-02T10:41:44+00:00","twitter_card":"summary_large_image","twitter_misc":{"Estimated reading time":"2 minutes"},"schema":{"@context":"https:\/\/schema.org","@graph":[{"@type":"WebPage","@id":"https:\/\/mesperlesarepasser.fr\/mentions-legales\/","url":"https:\/\/mesperlesarepasser.fr\/mentions-legales\/","name":"Mentions l\u00e9gales - Mes Perles \u00e0 Repasser","isPartOf":{"@id":"https:\/\/mesperlesarepasser.fr\/#website"},"datePublished":"2025-05-10T16:24:17+00:00","dateModified":"2025-10-02T10:41:44+00:00","description":"Consultez les mentions l\u00e9gales de Mes Perles \u00e0 Repasser \ud83d\udc9c Informations \u00e9diteur, protection des donn\u00e9es et conditions d\u2019utilisation du site.","breadcrumb":{"@id":"https:\/\/mesperlesarepasser.fr\/mentions-legales\/#breadcrumb"},"inLanguage":"en-GB","potentialAction":[{"@type":"ReadAction","target":["https:\/\/mesperlesarepasser.fr\/mentions-legales\/"]}]},{"@type":"BreadcrumbList","@id":"https:\/\/mesperlesarepasser.fr\/mentions-legales\/#breadcrumb","itemListElement":[{"@type":"ListItem","position":1,"name":"Accueil","item":"https:\/\/mesperlesarepasser.fr\/"},{"@type":"ListItem","position":2,"name":"Mentions l\u00e9gales"}]},{"@type":"WebSite","@id":"https:\/\/mesperlesarepasser.fr\/#website","url":"https:\/\/mesperlesarepasser.fr\/","name":"Mes Perles \u00e0 Repasser","description":"Printable perler beads patterns","publisher":{"@id":"https:\/\/mesperlesarepasser.fr\/#\/schema\/person\/e54ccc99566c4b6947b51a0d1845ef20"},"potentialAction":[{"@type":"SearchAction","target":{"@type":"EntryPoint","urlTemplate":"https:\/\/mesperlesarepasser.fr\/?s={search_term_string}"},"query-input":{"@type":"PropertyValueSpecification","valueRequired":true,"valueName":"search_term_string"}}],"inLanguage":"en-GB"},{"@type":["Person","Organization"],"@id":"https:\/\/mesperlesarepasser.fr\/#\/schema\/person\/e54ccc99566c4b6947b51a0d1845ef20","name":"\u2014 Adam","image":{"@type":"ImageObject","inLanguage":"en-GB","@id":"https:\/\/secure.gravatar.com\/avatar\/96e7b2a9d02eb3bb7eb8e2dacbe1fed417623a3c7c5c38b692f011c462453d10?s=96&d=retro&r=g","url":"https:\/\/secure.gravatar.com\/avatar\/96e7b2a9d02eb3bb7eb8e2dacbe1fed417623a3c7c5c38b692f011c462453d10?s=96&d=retro&r=g","contentUrl":"https:\/\/secure.gravatar.com\/avatar\/96e7b2a9d02eb3bb7eb8e2dacbe1fed417623a3c7c5c38b692f011c462453d10?s=96&d=retro&r=g","caption":"Adam"},"logo":{"@id":"https:\/\/secure.gravatar.com\/avatar\/96e7b2a9d02eb3bb7eb8e2dacbe1fed417623a3c7c5c38b692f011c462453d10?s=96&d=retro&r=g"},"sameAs":["https:\/\/mesperlesarepasser.fr","https:\/\/www.facebook.com\/LesPerlesdAdam\/","https:\/\/www.instagram.com\/lesperlesdadam\/","https:\/\/www.pinterest.fr\/LesPerlesdAdam\/"]}]}},"_links":{"self":[{"href":"https:\/\/mesperlesarepasser.fr\/en\/wp-json\/wp\/v2\/pages\/5679","targetHints":{"allow":["GET"]}}],"collection":[{"href":"https:\/\/mesperlesarepasser.fr\/en\/wp-json\/wp\/v2\/pages"}],"about":[{"href":"https:\/\/mesperlesarepasser.fr\/en\/wp-json\/wp\/v2\/types\/page"}],"author":[{"embeddable":true,"href":"https:\/\/mesperlesarepasser.fr\/en\/wp-json\/wp\/v2\/users\/1"}],"replies":[{"embeddable":true,"href":"https:\/\/mesperlesarepasser.fr\/en\/wp-json\/wp\/v2\/comments?post=5679"}],"version-history":[{"count":0,"href":"https:\/\/mesperlesarepasser.fr\/en\/wp-json\/wp\/v2\/pages\/5679\/revisions"}],"wp:attachment":[{"href":"https:\/\/mesperlesarepasser.fr\/en\/wp-json\/wp\/v2\/media?parent=5679"}],"curies":[{"name":"wp","href":"https:\/\/api.w.org\/{rel}","templated":true}]}}