{"id":357,"date":"2021-08-18T07:22:03","date_gmt":"2021-08-18T05:22:03","guid":{"rendered":"http:\/\/mesperlesarepasser.fr\/index.php\/contact\/"},"modified":"2025-11-24T16:37:17","modified_gmt":"2025-11-24T15:37:17","slug":"contact","status":"publish","type":"page","link":"https:\/\/mesperlesarepasser.fr\/en\/contact\/","title":{"rendered":"Contact"},"content":{"rendered":"<p>\ud83d\udc49 Our Contact page is here! Use the form below to:<\/p>\n\n\n\n<ul class=\"wp-block-list\">\n<li><strong>submit an article or pattern suggestion,<\/strong><\/li>\n\n\n\n<li><strong>ask a question about fuse beads,<\/strong><\/li>\n\n\n\n<li><strong>a comment about the website <strong>or just a kind little message, \u2728<\/strong><\/strong><\/li>\n\n\n\n<li><strong>a<\/strong> <strong>partnership proposal<\/strong>,<\/li>\n\n\n\n<li><strong>getting your article or product featured on the site<\/strong>,<\/li>\n\n\n\n<li><strong>or any other collaboration with Mes Perles \u00e0 Repasser<\/strong> !<\/li>\n<\/ul>\n\n\n\n<figure class=\"wp-block-pullquote\"><blockquote><p>Looking for a specific pattern? Want to share your creations with us? Go for it! \ud83d\udc95<\/p><cite>Mom &amp; Adam<\/cite><\/blockquote><\/figure>\n\n\n\n<div style=\"height:10px\" aria-hidden=\"true\" class=\"wp-block-spacer\"><\/div>\n\n\n\n<h2 class=\"wp-block-heading has-text-align-center\">Contact form \ud83d\udc8c We\u2019re looking forward to your message\ud83d\udc47<\/h2>\n\n\n\n<hr class=\"wp-block-separator has-alpha-channel-opacity\"\/>\n\n\n\n<div class=\"wp-block-contact-form-7-contact-form-selector\">\n<div class=\"wpcf7 no-js\" id=\"wpcf7-f28-o1\" lang=\"fr-FR\" dir=\"ltr\" data-wpcf7-id=\"28\">\n<div class=\"screen-reader-response\"><p role=\"status\" aria-live=\"polite\" aria-atomic=\"true\"><\/p> <ul><\/ul><\/div>\n<form action=\"\/en\/wp-json\/wp\/v2\/pages\/357#wpcf7-f28-o1\" method=\"post\" class=\"wpcf7-form init\" aria-label=\"Formulaire de contact\" enctype=\"multipart\/form-data\" novalidate=\"novalidate\" data-status=\"init\" data-trp-original-action=\"\/en\/wp-json\/wp\/v2\/pages\/357#wpcf7-f28-o1\">\n<fieldset class=\"hidden-fields-container\"><input type=\"hidden\" name=\"_wpcf7\" value=\"28\" \/><input type=\"hidden\" name=\"_wpcf7_version\" value=\"6.1.5\" \/><input type=\"hidden\" name=\"_wpcf7_locale\" value=\"fr_FR\" \/><input type=\"hidden\" name=\"_wpcf7_unit_tag\" value=\"wpcf7-f28-o1\" \/><input type=\"hidden\" name=\"_wpcf7_container_post\" value=\"0\" \/><input type=\"hidden\" name=\"_wpcf7_posted_data_hash\" value=\"\" \/><input type=\"hidden\" name=\"_wpcf7_recaptcha_response\" value=\"\" \/>\n<\/fieldset>\n<p><label> Name*<br \/>\n<span class=\"wpcf7-form-control-wrap\" data-name=\"your-name\"><input size=\"40\" maxlength=\"400\" class=\"wpcf7-form-control wpcf7-text wpcf7-validates-as-required\" autocomplete=\"name\" aria-required=\"true\" aria-invalid=\"false\" value=\"\" type=\"text\" name=\"your-name\" \/><\/span> <\/label>\n<\/p>\n<p><label> Email*<br \/>\n<span class=\"wpcf7-form-control-wrap\" data-name=\"your-email\"><input size=\"40\" maxlength=\"400\" class=\"wpcf7-form-control wpcf7-email wpcf7-validates-as-required wpcf7-text wpcf7-validates-as-email\" autocomplete=\"email\" aria-required=\"true\" aria-invalid=\"false\" value=\"\" type=\"email\" name=\"your-email\" \/><\/span> <\/label>\n<\/p>\n<p><label> Message*<br \/>\n<span class=\"wpcf7-form-control-wrap\" data-name=\"your-message\"><textarea cols=\"40\" rows=\"10\" maxlength=\"2000\" class=\"wpcf7-form-control wpcf7-textarea wpcf7-validates-as-required\" aria-required=\"true\" aria-invalid=\"false\" name=\"your-message\"><\/textarea><\/span> <\/label>\n<\/p>\n<p><span class=\"wpcf7-form-control-wrap\" data-name=\"file-263\"><input size=\"40\" class=\"wpcf7-form-control wpcf7-file\" accept=\".jpg,.jpeg,.png,.pdf,.gif\" aria-invalid=\"false\" type=\"file\" name=\"file-263\" \/><\/span>\n<\/p>\n<span class=\"wpcf7-form-control-wrap recaptcha\" data-name=\"recaptcha\"><span data-sitekey=\"6Lfd10gpAAAAANahGukQNI9caIzJpWN3G1p3NZYl\" class=\"wpcf7-form-control wpcf7-recaptcha g-recaptcha\"><\/span>\r\n<noscript>\r\n\t<div class=\"grecaptcha-noscript\">\r\n\t\t<iframe loading=\"lazy\" src=\"https:\/\/www.google.com\/recaptcha\/api\/fallback?k=6Lfd10gpAAAAANahGukQNI9caIzJpWN3G1p3NZYl\" frameborder=\"0\" scrolling=\"no\" width=\"310\" height=\"430\">\r\n\t\t<\/iframe>\r\n\t\t<textarea name=\"g-recaptcha-response\" rows=\"3\" cols=\"40\" placeholder=\"reCaptcha Response Here\">\r\n\t\t<\/textarea>\r\n\t<\/div>\r\n<\/noscript>\r\n<\/span>\n<p><input class=\"wpcf7-form-control wpcf7-submit has-spinner\" type=\"submit\" value=\"Send my message\" \/>\n<\/p><div class=\"wpcf7-response-output\" aria-hidden=\"true\"><\/div>\n<input type=\"hidden\" name=\"trp-form-language\" value=\"en\"\/><\/form>\n<\/div>\n<\/div>\n\n\n\n<div style=\"height:20px\" aria-hidden=\"true\" class=\"wp-block-spacer\"><\/div>\n\n\n\n<p class=\"has-text-align-left has-small-font-size\"><em>No personal data is stored by our site through this form.<\/em>.<br><em>You can find <a href=\"https:\/\/mesperlesarepasser.fr\/en\/privacy-policy\/\" target=\"_blank\" rel=\"noreferrer noopener\">here<\/a> our privacy policy.<\/em><\/p>\n\n\n\n<hr class=\"wp-block-separator has-alpha-channel-opacity\"\/>\n\n\n\n<div style=\"height:10px\" aria-hidden=\"true\" class=\"wp-block-spacer\"><\/div>\n\n\n\n<p>Every message matters and inspires us! Your ideas, creations, and feedback are what truly bring to life <a href=\"https:\/\/mesperlesarepasser.fr\/en\/\"><strong>Mes Perles \u00e0 Repasser<\/strong><\/a> !<\/p>\n\n\n\n<p>I read every message carefully and try to reply as quickly as possible so that each exchange is pleasant and constructive. Don\u2019t hesitate to get in touch to share your creations, ask questions, or simply say hello \ud83d\ude0a.<\/p>\n\n\n\n<p>Thank you for your visit, your enthusiasm, and your creativity. See you soon for more perler beads adventures and creations! \ud83d\udc9c<\/p>\n\n\n\n<div style=\"height:20px\" aria-hidden=\"true\" class=\"wp-block-spacer\"><\/div>\n\n\n\n<script async src=\"https:\/\/pagead2.googlesyndication.com\/pagead\/js\/adsbygoogle.js?client=ca-pub-8066528948873523\"\ncrossorigin=\"anonymous\"><\/script>\n\n<!-- Annonce Display Responsive -->\n<ins class=\"adsbygoogle\"\n     style=\"display:block\"\n     data-ad-client=\"ca-pub-8066528948873523\"\n     data-ad-slot=\"8675239313\"\n     data-ad-format=\"auto\"\n     data-full-width-responsive=\"true\"><\/ins>\n\n<script>\n(adsbygoogle = window.adsbygoogle || []).push({});\n<\/script>\n\n\n\n<div style=\"height:20px\" aria-hidden=\"true\" class=\"wp-block-spacer\"><\/div>\n\n\n\n<ul class=\"wp-block-social-links is-layout-flex wp-block-social-links-is-layout-flex\"><li class=\"wp-social-link wp-social-link-pinterest  wp-block-social-link\"><a href=\"https:\/\/www.pinterest.fr\/LesPerlesdAdam\/\" class=\"wp-block-social-link-anchor\"><svg width=\"24\" height=\"24\" viewbox=\"0 0 24 24\" version=\"1.1\" xmlns=\"http:\/\/www.w3.org\/2000\/svg\" aria-hidden=\"true\" focusable=\"false\"><path d=\"M12.289,2C6.617,2,3.606,5.648,3.606,9.622c0,1.846,1.025,4.146,2.666,4.878c0.25,0.111,0.381,0.063,0.439-0.169 c0.044-0.175,0.267-1.029,0.365-1.428c0.032-0.128,0.017-0.237-0.091-0.362C6.445,11.911,6.01,10.75,6.01,9.668 c0-2.777,2.194-5.464,5.933-5.464c3.23,0,5.49,2.108,5.49,5.122c0,3.407-1.794,5.768-4.13,5.768c-1.291,0-2.257-1.021-1.948-2.277 c0.372-1.495,1.089-3.112,1.089-4.191c0-0.967-0.542-1.775-1.663-1.775c-1.319,0-2.379,1.309-2.379,3.059 c0,1.115,0.394,1.869,0.394,1.869s-1.302,5.279-1.54,6.261c-0.405,1.666,0.053,4.368,0.094,4.604 c0.021,0.126,0.167,0.169,0.25,0.063c0.129-0.165,1.699-2.419,2.142-4.051c0.158-0.59,0.817-2.995,0.817-2.995 c0.43,0.784,1.681,1.446,3.013,1.446c3.963,0,6.822-3.494,6.822-7.833C20.394,5.112,16.849,2,12.289,2\"><\/path><\/svg><span class=\"wp-block-social-link-label screen-reader-text\">Pinterest<\/span><\/a><\/li>\n\n<li class=\"wp-social-link wp-social-link-instagram  wp-block-social-link\"><a href=\"https:\/\/www.instagram.com\/lesperlesdadam\/\" class=\"wp-block-social-link-anchor\"><svg width=\"24\" height=\"24\" viewbox=\"0 0 24 24\" version=\"1.1\" xmlns=\"http:\/\/www.w3.org\/2000\/svg\" aria-hidden=\"true\" focusable=\"false\"><path d=\"M12,4.622c2.403,0,2.688,0.009,3.637,0.052c0.877,0.04,1.354,0.187,1.671,0.31c0.42,0.163,0.72,0.358,1.035,0.673 c0.315,0.315,0.51,0.615,0.673,1.035c0.123,0.317,0.27,0.794,0.31,1.671c0.043,0.949,0.052,1.234,0.052,3.637 s-0.009,2.688-0.052,3.637c-0.04,0.877-0.187,1.354-0.31,1.671c-0.163,0.42-0.358,0.72-0.673,1.035 c-0.315,0.315-0.615,0.51-1.035,0.673c-0.317,0.123-0.794,0.27-1.671,0.31c-0.949,0.043-1.233,0.052-3.637,0.052 s-2.688-0.009-3.637-0.052c-0.877-0.04-1.354-0.187-1.671-0.31c-0.42-0.163-0.72-0.358-1.035-0.673 c-0.315-0.315-0.51-0.615-0.673-1.035c-0.123-0.317-0.27-0.794-0.31-1.671C4.631,14.688,4.622,14.403,4.622,12 s0.009-2.688,0.052-3.637c0.04-0.877,0.187-1.354,0.31-1.671c0.163-0.42,0.358-0.72,0.673-1.035 c0.315-0.315,0.615-0.51,1.035-0.673c0.317-0.123,0.794-0.27,1.671-0.31C9.312,4.631,9.597,4.622,12,4.622 M12,3 C9.556,3,9.249,3.01,8.289,3.054C7.331,3.098,6.677,3.25,6.105,3.472C5.513,3.702,5.011,4.01,4.511,4.511 c-0.5,0.5-0.808,1.002-1.038,1.594C3.25,6.677,3.098,7.331,3.054,8.289C3.01,9.249,3,9.556,3,12c0,2.444,0.01,2.751,0.054,3.711 c0.044,0.958,0.196,1.612,0.418,2.185c0.23,0.592,0.538,1.094,1.038,1.594c0.5,0.5,1.002,0.808,1.594,1.038 c0.572,0.222,1.227,0.375,2.185,0.418C9.249,20.99,9.556,21,12,21s2.751-0.01,3.711-0.054c0.958-0.044,1.612-0.196,2.185-0.418 c0.592-0.23,1.094-0.538,1.594-1.038c0.5-0.5,0.808-1.002,1.038-1.594c0.222-0.572,0.375-1.227,0.418-2.185 C20.99,14.751,21,14.444,21,12s-0.01-2.751-0.054-3.711c-0.044-0.958-0.196-1.612-0.418-2.185c-0.23-0.592-0.538-1.094-1.038-1.594 c-0.5-0.5-1.002-0.808-1.594-1.038c-0.572-0.222-1.227-0.375-2.185-0.418C14.751,3.01,14.444,3,12,3L12,3z M12,7.378 c-2.552,0-4.622,2.069-4.622,4.622S9.448,16.622,12,16.622s4.622-2.069,4.622-4.622S14.552,7.378,12,7.378z M12,15 c-1.657,0-3-1.343-3-3s1.343-3,3-3s3,1.343,3,3S13.657,15,12,15z M16.804,6.116c-0.596,0-1.08,0.484-1.08,1.08 s0.484,1.08,1.08,1.08c0.596,0,1.08-0.484,1.08-1.08S17.401,6.116,16.804,6.116z\"><\/path><\/svg><span class=\"wp-block-social-link-label screen-reader-text\">Instagram<\/span><\/a><\/li>\n\n<li class=\"wp-social-link wp-social-link-facebook  wp-block-social-link\"><a href=\"https:\/\/www.facebook.com\/LesPerlesdAdam\/\" class=\"wp-block-social-link-anchor\"><svg width=\"24\" height=\"24\" viewbox=\"0 0 24 24\" version=\"1.1\" xmlns=\"http:\/\/www.w3.org\/2000\/svg\" aria-hidden=\"true\" focusable=\"false\"><path d=\"M12 2C6.5 2 2 6.5 2 12c0 5 3.7 9.1 8.4 9.9v-7H7.9V12h2.5V9.8c0-2.5 1.5-3.9 3.8-3.9 1.1 0 2.2.2 2.2.2v2.5h-1.3c-1.2 0-1.6.8-1.6 1.6V12h2.8l-.4 2.9h-2.3v7C18.3 21.1 22 17 22 12c0-5.5-4.5-10-10-10z\"><\/path><\/svg><span class=\"wp-block-social-link-label screen-reader-text\">Facebook<\/span><\/a><\/li>\n\n<\/ul>","protected":false},"excerpt":{"rendered":"<p>\ud83d\udc49 Notre page Contact est l\u00e0 ! Utilise le formulaire ci-dessous pour : Vous souhaitez un mod\u00e8le en particulier ? Partager vos cr\u00e9ations avec nous ? N&rsquo;h\u00e9sitez pas ! \ud83d\udc95 Maman &amp; Adam Formulaire de contact \ud83d\udc8c On attend votre message\ud83d\udc47 Aucune donn\u00e9e personnelle n\u2019est conserv\u00e9e par notre site via ce formulaire.Retrouvez ici notre politique&hellip;<\/p>","protected":false},"author":1,"featured_media":8369,"parent":0,"menu_order":0,"comment_status":"closed","ping_status":"closed","template":"","meta":{"footnotes":""},"class_list":["post-357","page","type-page","status-publish","has-post-thumbnail","hentry"],"yoast_head":"<!-- This site is optimized with the Yoast SEO plugin v27.4 - https:\/\/yoast.com\/product\/yoast-seo-wordpress\/ -->\n<title>Mes Perles \u00e0 Repasser - Contact<\/title>\n<meta name=\"description\" content=\"Vous \u00eates bien sur notre page Contact ! Vous aimez notre blog ? Vous avez envie d&#039;un mod\u00e8le particulier en perles \u00e0 repasser ? C&#039;est ici \ud83d\udc8c\" \/>\n<meta name=\"robots\" content=\"index, follow, max-snippet:-1, max-image-preview:large, max-video-preview:-1\" \/>\n<link rel=\"canonical\" href=\"https:\/\/mesperlesarepasser.fr\/en\/contact\/\" \/>\n<meta property=\"og:locale\" content=\"en_GB\" \/>\n<meta property=\"og:type\" content=\"article\" \/>\n<meta property=\"og:title\" content=\"Mes Perles \u00e0 Repasser - Contact\" \/>\n<meta property=\"og:description\" content=\"Vous \u00eates bien sur notre page Contact ! Vous aimez notre blog ? Vous avez envie d&#039;un mod\u00e8le particulier en perles \u00e0 repasser ? C&#039;est ici \ud83d\udc8c\" \/>\n<meta property=\"og:url\" content=\"https:\/\/mesperlesarepasser.fr\/en\/contact\/\" \/>\n<meta property=\"og:site_name\" content=\"Mes Perles \u00e0 Repasser\" \/>\n<meta property=\"article:publisher\" content=\"https:\/\/www.facebook.com\/LesPerlesdAdam\/\" \/>\n<meta property=\"article:modified_time\" content=\"2025-11-24T15:37:17+00:00\" \/>\n<meta property=\"og:image\" content=\"https:\/\/mesperlesarepasser.fr\/wp-content\/uploads\/2025\/11\/Modeles-Perles-a-Repasser-Perler-Beads-Pattern-Contact.jpg\" \/>\n\t<meta property=\"og:image:width\" content=\"1200\" \/>\n\t<meta property=\"og:image:height\" content=\"400\" \/>\n\t<meta property=\"og:image:type\" content=\"image\/jpeg\" \/>\n<meta name=\"twitter:card\" content=\"summary_large_image\" \/>\n<meta name=\"twitter:label1\" content=\"Estimated reading time\" \/>\n\t<meta name=\"twitter:data1\" content=\"2 minutes\" \/>\n<script type=\"application\/ld+json\" class=\"yoast-schema-graph\">{\"@context\":\"https:\\\/\\\/schema.org\",\"@graph\":[{\"@type\":\"WebPage\",\"@id\":\"https:\\\/\\\/mesperlesarepasser.fr\\\/contact\\\/\",\"url\":\"https:\\\/\\\/mesperlesarepasser.fr\\\/contact\\\/\",\"name\":\"Mes Perles \u00e0 Repasser - Contact\",\"isPartOf\":{\"@id\":\"https:\\\/\\\/mesperlesarepasser.fr\\\/#website\"},\"primaryImageOfPage\":{\"@id\":\"https:\\\/\\\/mesperlesarepasser.fr\\\/contact\\\/#primaryimage\"},\"image\":{\"@id\":\"https:\\\/\\\/mesperlesarepasser.fr\\\/contact\\\/#primaryimage\"},\"thumbnailUrl\":\"https:\\\/\\\/mesperlesarepasser.fr\\\/wp-content\\\/uploads\\\/2025\\\/11\\\/Modeles-Perles-a-Repasser-Perler-Beads-Pattern-Contact.jpg\",\"datePublished\":\"2021-08-18T05:22:03+00:00\",\"dateModified\":\"2025-11-24T15:37:17+00:00\",\"description\":\"Vous \u00eates bien sur notre page Contact ! Vous aimez notre blog ? Vous avez envie d'un mod\u00e8le particulier en perles \u00e0 repasser ? C'est ici \ud83d\udc8c\",\"breadcrumb\":{\"@id\":\"https:\\\/\\\/mesperlesarepasser.fr\\\/contact\\\/#breadcrumb\"},\"inLanguage\":\"en-GB\",\"potentialAction\":[{\"@type\":\"ReadAction\",\"target\":[\"https:\\\/\\\/mesperlesarepasser.fr\\\/contact\\\/\"]}]},{\"@type\":\"ImageObject\",\"inLanguage\":\"en-GB\",\"@id\":\"https:\\\/\\\/mesperlesarepasser.fr\\\/contact\\\/#primaryimage\",\"url\":\"https:\\\/\\\/mesperlesarepasser.fr\\\/wp-content\\\/uploads\\\/2025\\\/11\\\/Modeles-Perles-a-Repasser-Perler-Beads-Pattern-Contact.jpg\",\"contentUrl\":\"https:\\\/\\\/mesperlesarepasser.fr\\\/wp-content\\\/uploads\\\/2025\\\/11\\\/Modeles-Perles-a-Repasser-Perler-Beads-Pattern-Contact.jpg\",\"width\":1200,\"height\":400,\"caption\":\"Mes Perles \u00e0 Repasser - Mod\u00e8les gratuits \u00e0 imprimer perles \u00e0 repasser - Free perler beads patterns to print\"},{\"@type\":\"BreadcrumbList\",\"@id\":\"https:\\\/\\\/mesperlesarepasser.fr\\\/contact\\\/#breadcrumb\",\"itemListElement\":[{\"@type\":\"ListItem\",\"position\":1,\"name\":\"Accueil\",\"item\":\"https:\\\/\\\/mesperlesarepasser.fr\\\/\"},{\"@type\":\"ListItem\",\"position\":2,\"name\":\"Contact\"}]},{\"@type\":\"WebSite\",\"@id\":\"https:\\\/\\\/mesperlesarepasser.fr\\\/#website\",\"url\":\"https:\\\/\\\/mesperlesarepasser.fr\\\/\",\"name\":\"Mes Perles \u00e0 Repasser\",\"description\":\"Imprimez vos mod\u00e8les de perles \u00e0 repasser !\",\"publisher\":{\"@id\":\"https:\\\/\\\/mesperlesarepasser.fr\\\/#\\\/schema\\\/person\\\/e54ccc99566c4b6947b51a0d1845ef20\"},\"potentialAction\":[{\"@type\":\"SearchAction\",\"target\":{\"@type\":\"EntryPoint\",\"urlTemplate\":\"https:\\\/\\\/mesperlesarepasser.fr\\\/?s={search_term_string}\"},\"query-input\":{\"@type\":\"PropertyValueSpecification\",\"valueRequired\":true,\"valueName\":\"search_term_string\"}}],\"inLanguage\":\"en-GB\"},{\"@type\":[\"Person\",\"Organization\"],\"@id\":\"https:\\\/\\\/mesperlesarepasser.fr\\\/#\\\/schema\\\/person\\\/e54ccc99566c4b6947b51a0d1845ef20\",\"name\":\"Adam\",\"image\":{\"@type\":\"ImageObject\",\"inLanguage\":\"en-GB\",\"@id\":\"https:\\\/\\\/secure.gravatar.com\\\/avatar\\\/96e7b2a9d02eb3bb7eb8e2dacbe1fed417623a3c7c5c38b692f011c462453d10?s=96&d=retro&r=g\",\"url\":\"https:\\\/\\\/secure.gravatar.com\\\/avatar\\\/96e7b2a9d02eb3bb7eb8e2dacbe1fed417623a3c7c5c38b692f011c462453d10?s=96&d=retro&r=g\",\"contentUrl\":\"https:\\\/\\\/secure.gravatar.com\\\/avatar\\\/96e7b2a9d02eb3bb7eb8e2dacbe1fed417623a3c7c5c38b692f011c462453d10?s=96&d=retro&r=g\",\"caption\":\"Adam\"},\"logo\":{\"@id\":\"https:\\\/\\\/secure.gravatar.com\\\/avatar\\\/96e7b2a9d02eb3bb7eb8e2dacbe1fed417623a3c7c5c38b692f011c462453d10?s=96&d=retro&r=g\"},\"sameAs\":[\"https:\\\/\\\/mesperlesarepasser.fr\",\"https:\\\/\\\/www.facebook.com\\\/LesPerlesdAdam\\\/\",\"https:\\\/\\\/www.instagram.com\\\/lesperlesdadam\\\/\",\"https:\\\/\\\/www.pinterest.fr\\\/LesPerlesdAdam\\\/\"]}]}<\/script>\n<!-- \/ Yoast SEO plugin. -->","yoast_head_json":{"title":"Mes Perles \u00e0 Repasser - Contact","description":"You\u2019re on our Contact page! Love our blog? Looking for a specific perler beads pattern? This is the place to reach us \ud83d\udc8c","robots":{"index":"index","follow":"follow","max-snippet":"max-snippet:-1","max-image-preview":"max-image-preview:large","max-video-preview":"max-video-preview:-1"},"canonical":"https:\/\/mesperlesarepasser.fr\/en\/contact\/","og_locale":"en_GB","og_type":"article","og_title":"Mes Perles \u00e0 Repasser - Contact","og_description":"Vous \u00eates bien sur notre page Contact ! Vous aimez notre blog ? Vous avez envie d'un mod\u00e8le particulier en perles \u00e0 repasser ? C'est ici \ud83d\udc8c","og_url":"https:\/\/mesperlesarepasser.fr\/en\/contact\/","og_site_name":"Mes Perles \u00e0 Repasser","article_publisher":"https:\/\/www.facebook.com\/LesPerlesdAdam\/","article_modified_time":"2025-11-24T15:37:17+00:00","og_image":[{"width":1200,"height":400,"url":"https:\/\/mesperlesarepasser.fr\/wp-content\/uploads\/2025\/11\/Modeles-Perles-a-Repasser-Perler-Beads-Pattern-Contact.jpg","type":"image\/jpeg"}],"twitter_card":"summary_large_image","twitter_misc":{"Estimated reading time":"2 minutes"},"schema":{"@context":"https:\/\/schema.org","@graph":[{"@type":"WebPage","@id":"https:\/\/mesperlesarepasser.fr\/contact\/","url":"https:\/\/mesperlesarepasser.fr\/contact\/","name":"Mes Perles \u00e0 Repasser - Contact","isPartOf":{"@id":"https:\/\/mesperlesarepasser.fr\/#website"},"primaryImageOfPage":{"@id":"https:\/\/mesperlesarepasser.fr\/contact\/#primaryimage"},"image":{"@id":"https:\/\/mesperlesarepasser.fr\/contact\/#primaryimage"},"thumbnailUrl":"https:\/\/mesperlesarepasser.fr\/wp-content\/uploads\/2025\/11\/Modeles-Perles-a-Repasser-Perler-Beads-Pattern-Contact.jpg","datePublished":"2021-08-18T05:22:03+00:00","dateModified":"2025-11-24T15:37:17+00:00","description":"You\u2019re on our Contact page! Love our blog? Looking for a specific perler beads pattern? This is the place to reach us \ud83d\udc8c","breadcrumb":{"@id":"https:\/\/mesperlesarepasser.fr\/contact\/#breadcrumb"},"inLanguage":"en-GB","potentialAction":[{"@type":"ReadAction","target":["https:\/\/mesperlesarepasser.fr\/contact\/"]}]},{"@type":"ImageObject","inLanguage":"en-GB","@id":"https:\/\/mesperlesarepasser.fr\/contact\/#primaryimage","url":"https:\/\/mesperlesarepasser.fr\/wp-content\/uploads\/2025\/11\/Modeles-Perles-a-Repasser-Perler-Beads-Pattern-Contact.jpg","contentUrl":"https:\/\/mesperlesarepasser.fr\/wp-content\/uploads\/2025\/11\/Modeles-Perles-a-Repasser-Perler-Beads-Pattern-Contact.jpg","width":1200,"height":400,"caption":"Mes Perles \u00e0 Repasser - Mod\u00e8les gratuits \u00e0 imprimer perles \u00e0 repasser - Free perler beads patterns to print"},{"@type":"BreadcrumbList","@id":"https:\/\/mesperlesarepasser.fr\/contact\/#breadcrumb","itemListElement":[{"@type":"ListItem","position":1,"name":"Accueil","item":"https:\/\/mesperlesarepasser.fr\/"},{"@type":"ListItem","position":2,"name":"Contact"}]},{"@type":"WebSite","@id":"https:\/\/mesperlesarepasser.fr\/#website","url":"https:\/\/mesperlesarepasser.fr\/","name":"Mes Perles \u00e0 Repasser","description":"Printable perler beads patterns","publisher":{"@id":"https:\/\/mesperlesarepasser.fr\/#\/schema\/person\/e54ccc99566c4b6947b51a0d1845ef20"},"potentialAction":[{"@type":"SearchAction","target":{"@type":"EntryPoint","urlTemplate":"https:\/\/mesperlesarepasser.fr\/?s={search_term_string}"},"query-input":{"@type":"PropertyValueSpecification","valueRequired":true,"valueName":"search_term_string"}}],"inLanguage":"en-GB"},{"@type":["Person","Organization"],"@id":"https:\/\/mesperlesarepasser.fr\/#\/schema\/person\/e54ccc99566c4b6947b51a0d1845ef20","name":"\u2014 Adam","image":{"@type":"ImageObject","inLanguage":"en-GB","@id":"https:\/\/secure.gravatar.com\/avatar\/96e7b2a9d02eb3bb7eb8e2dacbe1fed417623a3c7c5c38b692f011c462453d10?s=96&d=retro&r=g","url":"https:\/\/secure.gravatar.com\/avatar\/96e7b2a9d02eb3bb7eb8e2dacbe1fed417623a3c7c5c38b692f011c462453d10?s=96&d=retro&r=g","contentUrl":"https:\/\/secure.gravatar.com\/avatar\/96e7b2a9d02eb3bb7eb8e2dacbe1fed417623a3c7c5c38b692f011c462453d10?s=96&d=retro&r=g","caption":"Adam"},"logo":{"@id":"https:\/\/secure.gravatar.com\/avatar\/96e7b2a9d02eb3bb7eb8e2dacbe1fed417623a3c7c5c38b692f011c462453d10?s=96&d=retro&r=g"},"sameAs":["https:\/\/mesperlesarepasser.fr","https:\/\/www.facebook.com\/LesPerlesdAdam\/","https:\/\/www.instagram.com\/lesperlesdadam\/","https:\/\/www.pinterest.fr\/LesPerlesdAdam\/"]}]}},"_links":{"self":[{"href":"https:\/\/mesperlesarepasser.fr\/en\/wp-json\/wp\/v2\/pages\/357","targetHints":{"allow":["GET"]}}],"collection":[{"href":"https:\/\/mesperlesarepasser.fr\/en\/wp-json\/wp\/v2\/pages"}],"about":[{"href":"https:\/\/mesperlesarepasser.fr\/en\/wp-json\/wp\/v2\/types\/page"}],"author":[{"embeddable":true,"href":"https:\/\/mesperlesarepasser.fr\/en\/wp-json\/wp\/v2\/users\/1"}],"replies":[{"embeddable":true,"href":"https:\/\/mesperlesarepasser.fr\/en\/wp-json\/wp\/v2\/comments?post=357"}],"version-history":[{"count":0,"href":"https:\/\/mesperlesarepasser.fr\/en\/wp-json\/wp\/v2\/pages\/357\/revisions"}],"wp:featuredmedia":[{"embeddable":true,"href":"https:\/\/mesperlesarepasser.fr\/en\/wp-json\/wp\/v2\/media\/8369"}],"wp:attachment":[{"href":"https:\/\/mesperlesarepasser.fr\/en\/wp-json\/wp\/v2\/media?parent=357"}],"curies":[{"name":"wp","href":"https:\/\/api.w.org\/{rel}","templated":true}]}}