{"id":252,"date":"2021-08-18T05:35:45","date_gmt":"2021-08-18T03:35:45","guid":{"rendered":"http:\/\/mesperlesarepasser.fr\/index.php\/about\/"},"modified":"2025-11-20T05:41:34","modified_gmt":"2025-11-20T04:41:34","slug":"about-us","status":"publish","type":"page","link":"https:\/\/mesperlesarepasser.fr\/en\/qui-sommes-nous\/","title":{"rendered":"About us"},"content":{"rendered":"<div style=\"height:5px\" aria-hidden=\"true\" class=\"wp-block-spacer\"><\/div>\n\n\n\n<figure class=\"wp-block-pullquote\"><blockquote><p>Your child wants to make their favorite character with perler beads, but you can\u2019t find a pattern online? <a href=\"https:\/\/mesperlesarepasser.fr\/en\/contact\/\">Contact us<\/a> ! We\u2019d be happy to create their pattern for you to print! It\u2019ll be shared on the blog for everyone in the community to enjoy!<\/p><\/blockquote><\/figure>\n\n\n\n<div style=\"height:10px\" aria-hidden=\"true\" class=\"wp-block-spacer\"><\/div>\n\n\n\n<p>Hello everyone!<br>I\u2019m Adam\u2019s mom, an 8-year-old little boy who\u2019s curious and creative! One day, coming back from after-school club, Adam shows me a tiny animal made with perler beads. So unusual! \u201cWhat\u2019s this?\u201d I ask. \u201cPerler beads!\u201d <\/p>\n\n\n\n<h2 class=\"wp-block-heading\">His passion<\/h2>\n\n\n\n<p>Adam quickly became a fan, and his passion for perler beads grew, so we decided to buy <a href=\"https:\/\/amzn.to\/4nAq5o3\" target=\"_blank\" rel=\"noreferrer noopener\">our first fuse beads kit<\/a> (#Ad #Amazon) It came with a pretty complete pattern booklet. But my son kept asking me, \u201cCan you find me a perler beads pattern for a meteorite? A lemur? A fruit basket?\u201d \u2026Uh\u2026 okay!<\/p>\n\n\n\n<h2 class=\"wp-block-heading\">What do we need?<\/h2>\n\n\n\n<p>Indeed, just like Adam, when a 3- or 4-year-old starts wanting to recreate a design with perler beads, they need a pattern to place under their <a href=\"https:\/\/amzn.to\/3TwgAtV\" target=\"_blank\" rel=\"noreferrer noopener\">transparent pegboard<\/a> (#Ad #Amazon) to recreate, bead by bead, the color patterns. It\u2019s only later that they\u2019ll be able to reproduce designs visually, either by counting the beads or freely.<\/p>\n\n\n\n<div class=\"wp-block-columns is-layout-flex wp-container-core-columns-is-layout-9d6595d7 wp-block-columns-is-layout-flex\">\n<div class=\"wp-block-column is-layout-flow wp-block-column-is-layout-flow\">\n<h2 class=\"wp-block-heading\">Searching for patterns<\/h2>\n\n\n\n<p>So, I imagined I\u2019d find tons of printable patterns online. But not at all. Sometimes, starting from just a photo, I struggled to recreate a pattern for him, and I thought: I can\u2019t be the only one looking for this!<\/p>\n\n\n\n<p class=\"has-medium-font-size\"><a href=\"https:\/\/mesperlesarepasser.fr\/en\/theme\/easy-patterns\/\"><strong>Click here to discover our easy patterns for the little ones!<\/strong><\/a><\/p>\n\n\n\n<div style=\"height:10px\" aria-hidden=\"true\" class=\"wp-block-spacer\"><\/div>\n\n\n\n<script async src=\"https:\/\/pagead2.googlesyndication.com\/pagead\/js\/adsbygoogle.js?client=ca-pub-8066528948873523\"\ncrossorigin=\"anonymous\"><\/script>\n\n<!-- Annonce Display Responsive -->\n<ins class=\"adsbygoogle\"\n     style=\"display:block\"\n     data-ad-client=\"ca-pub-8066528948873523\"\n     data-ad-slot=\"8675239313\"\n     data-ad-format=\"auto\"\n     data-full-width-responsive=\"true\"><\/ins>\n\n<script>\n(adsbygoogle = window.adsbygoogle || []).push({});\n<\/script>\n\n\n\n<div style=\"height:10px\" aria-hidden=\"true\" class=\"wp-block-spacer\"><\/div>\n\n\n\n<h2 class=\"wp-block-heading\">The project<\/h2>\n\n\n\n<p style=\"font-size:18px\">This is how the idea for this blog came to life. As a trained graphic designer, I started redrawing the patterns Adam used, invented, or found online, so that everyone could easily download, print, and use them. <br><br>Our goal is to make these fuse beads patterns accessible to everyone and to fill the blog with as many choices and themes as possible. So please, don\u2019t hesitate to share your ideas, suggestions, creations, photos, or patterns with us \u2014 I\u2019ll be happy to recreate, redraw, and make them freely available for the community! <\/p>\n\n\n\n<p><em>Mom &amp; Adam<\/em> \ud83d\udc9c<\/p>\n<\/div>\n<\/div>\n\n\n\n<div style=\"height:10px\" aria-hidden=\"true\" class=\"wp-block-spacer\"><\/div>\n\n\n\n<h2 class=\"wp-block-heading\">Enjoy our patterns!<\/h2>\n\n\n<p class=\"wp-block-tag-cloud\"><a href=\"https:\/\/mesperlesarepasser.fr\/en\/theme\/aliments-boissons\/\" class=\"tag-cloud-link tag-link-148 tag-link-position-1\" style=\"font-size: 14.051612903226pt;\" aria-label=\"Aliments &amp; Boissons (13 items)\">Food &amp; Drinks<\/a>\n<a href=\"https:\/\/mesperlesarepasser.fr\/en\/theme\/aquatique\/\" class=\"tag-cloud-link tag-link-132 tag-link-position-2\" style=\"font-size: 14.774193548387pt;\" aria-label=\"Aquatique (16 items)\">Aquatic<\/a>\n<a href=\"https:\/\/mesperlesarepasser.fr\/en\/theme\/arbres\/\" class=\"tag-cloud-link tag-link-141 tag-link-position-3\" style=\"font-size: 10.709677419355pt;\" aria-label=\"Arbres (5 items)\">Trees<\/a>\n<a href=\"https:\/\/mesperlesarepasser.fr\/en\/theme\/arcade\/\" class=\"tag-cloud-link tag-link-110 tag-link-position-4\" style=\"font-size: 16.129032258065pt;\" aria-label=\"Arcade (23 items)\">Arcade<\/a>\n<a href=\"https:\/\/mesperlesarepasser.fr\/en\/theme\/astronomie\/\" class=\"tag-cloud-link tag-link-145 tag-link-position-5\" style=\"font-size: 10.709677419355pt;\" aria-label=\"Astronomie (5 items)\">Astronomy<\/a>\n<a href=\"https:\/\/mesperlesarepasser.fr\/en\/theme\/balles\/\" class=\"tag-cloud-link tag-link-156 tag-link-position-6\" style=\"font-size: 11.341935483871pt;\" aria-label=\"Balles (6 items)\">Balls<\/a>\n<a href=\"https:\/\/mesperlesarepasser.fr\/en\/theme\/ballons\/\" class=\"tag-cloud-link tag-link-170 tag-link-position-7\" style=\"font-size: 12.696774193548pt;\" aria-label=\"Ballons (9 items)\">Balloons<\/a>\n<a href=\"https:\/\/mesperlesarepasser.fr\/en\/theme\/basketball\/\" class=\"tag-cloud-link tag-link-169 tag-link-position-8\" style=\"font-size: 8pt;\" aria-label=\"Basketball (2 items)\">Basketball<\/a>\n<a href=\"https:\/\/mesperlesarepasser.fr\/en\/theme\/chiens\/\" class=\"tag-cloud-link tag-link-180 tag-link-position-9\" style=\"font-size: 12.696774193548pt;\" aria-label=\"Chiens (9 items)\">Dogs<\/a>\n<a href=\"https:\/\/mesperlesarepasser.fr\/en\/theme\/ciel\/\" class=\"tag-cloud-link tag-link-147 tag-link-position-10\" style=\"font-size: 13.058064516129pt;\" aria-label=\"Ciel (10 items)\">Sky<\/a>\n<a href=\"https:\/\/mesperlesarepasser.fr\/en\/theme\/comics\/\" class=\"tag-cloud-link tag-link-93 tag-link-position-11\" style=\"font-size: 11.793548387097pt;\" aria-label=\"Comics (7 items)\">Comics<\/a>\n<a href=\"https:\/\/mesperlesarepasser.fr\/en\/theme\/dinosaures\/\" class=\"tag-cloud-link tag-link-155 tag-link-position-12\" style=\"font-size: 9.9870967741935pt;\" aria-label=\"Dinosaures (4 items)\">Dinosaurs<\/a>\n<a href=\"https:\/\/mesperlesarepasser.fr\/en\/theme\/decorations\/\" class=\"tag-cloud-link tag-link-150 tag-link-position-13\" style=\"font-size: 19.832258064516pt;\" aria-label=\"D\u00e9corations (61 items)\">Decorations<\/a>\n<a href=\"https:\/\/mesperlesarepasser.fr\/en\/theme\/films\/\" class=\"tag-cloud-link tag-link-162 tag-link-position-14\" style=\"font-size: 11.793548387097pt;\" aria-label=\"Films (7 items)\">Movies<\/a>\n<a href=\"https:\/\/mesperlesarepasser.fr\/en\/theme\/fleurs\/\" class=\"tag-cloud-link tag-link-172 tag-link-position-15\" style=\"font-size: 9.9870967741935pt;\" aria-label=\"Fleurs (4 items)\">Flowers<\/a>\n<a href=\"https:\/\/mesperlesarepasser.fr\/en\/theme\/football\/\" class=\"tag-cloud-link tag-link-85 tag-link-position-16\" style=\"font-size: 14.051612903226pt;\" aria-label=\"Football (13 items)\">Football<\/a>\n<a href=\"https:\/\/mesperlesarepasser.fr\/en\/theme\/fruits-et-legumes\/\" class=\"tag-cloud-link tag-link-130 tag-link-position-17\" style=\"font-size: 9.9870967741935pt;\" aria-label=\"Fruits &amp; L\u00e9gumes (4 items)\">Fruits &amp; Vegetables<\/a>\n<a href=\"https:\/\/mesperlesarepasser.fr\/en\/theme\/felins\/\" class=\"tag-cloud-link tag-link-129 tag-link-position-18\" style=\"font-size: 11.793548387097pt;\" aria-label=\"F\u00e9lins (7 items)\">Felines<\/a>\n<a href=\"https:\/\/mesperlesarepasser.fr\/en\/theme\/japan-anime\/\" class=\"tag-cloud-link tag-link-72 tag-link-position-19\" style=\"font-size: 17.393548387097pt;\" aria-label=\"Japan anime (32 items)\">Japanese anime<\/a>\n<a href=\"https:\/\/mesperlesarepasser.fr\/en\/theme\/marvel\/\" class=\"tag-cloud-link tag-link-74 tag-link-position-20\" style=\"font-size: 11.793548387097pt;\" aria-label=\"Marvel (7 items)\">Marvel<\/a>\n<a href=\"https:\/\/mesperlesarepasser.fr\/en\/theme\/modeles-faciles\/\" class=\"tag-cloud-link tag-link-173 tag-link-position-21\" style=\"font-size: 22pt;\" aria-label=\"Mod\u00e8les faciles (107 items)\">Easy patterns<\/a>\n<a href=\"https:\/\/mesperlesarepasser.fr\/en\/theme\/monstres\/\" class=\"tag-cloud-link tag-link-108 tag-link-position-22\" style=\"font-size: 14.503225806452pt;\" aria-label=\"Monstres (15 items)\">Monsters<\/a>\n<a href=\"https:\/\/mesperlesarepasser.fr\/en\/theme\/neige\/\" class=\"tag-cloud-link tag-link-140 tag-link-position-23\" style=\"font-size: 12.245161290323pt;\" aria-label=\"Neige (8 items)\">Snow<\/a>\n<a href=\"https:\/\/mesperlesarepasser.fr\/en\/theme\/nintendo\/\" class=\"tag-cloud-link tag-link-109 tag-link-position-24\" style=\"font-size: 15.225806451613pt;\" aria-label=\"Nintendo (18 items)\">Nintendo<\/a>\n<a href=\"https:\/\/mesperlesarepasser.fr\/en\/theme\/oeufs\/\" class=\"tag-cloud-link tag-link-167 tag-link-position-25\" style=\"font-size: 12.245161290323pt;\" aria-label=\"Oeufs (8 items)\">Eggs<\/a>\n<a href=\"https:\/\/mesperlesarepasser.fr\/en\/theme\/oiseaux\/\" class=\"tag-cloud-link tag-link-131 tag-link-position-26\" style=\"font-size: 14.051612903226pt;\" aria-label=\"Oiseaux (13 items)\">Birds<\/a>\n<a href=\"https:\/\/mesperlesarepasser.fr\/en\/theme\/personnages\/\" class=\"tag-cloud-link tag-link-112 tag-link-position-27\" style=\"font-size: 21.096774193548pt;\" aria-label=\"Personnages (85 items)\">Characters<\/a>\n<a href=\"https:\/\/mesperlesarepasser.fr\/en\/theme\/patisserie\/\" class=\"tag-cloud-link tag-link-124 tag-link-position-28\" style=\"font-size: 8pt;\" aria-label=\"P\u00e2tisserie (2 items)\">Pastry<\/a>\n<a href=\"https:\/\/mesperlesarepasser.fr\/en\/theme\/reptiles\/\" class=\"tag-cloud-link tag-link-127 tag-link-position-29\" style=\"font-size: 11.793548387097pt;\" aria-label=\"Reptiles (7 items)\">Reptiles<\/a><\/p>\n\n\n<div style=\"height:15px\" aria-hidden=\"true\" class=\"wp-block-spacer\"><\/div>\n\n\n\n<ul class=\"wp-block-social-links alignleft is-style-default is-layout-flex wp-block-social-links-is-layout-flex\"><li class=\"wp-social-link wp-social-link-pinterest  wp-block-social-link\"><a rel=\"noopener nofollow\" target=\"_blank\" href=\"https:\/\/www.pinterest.fr\/LesPerlesdAdam\/\" class=\"wp-block-social-link-anchor\"><svg width=\"24\" height=\"24\" viewbox=\"0 0 24 24\" version=\"1.1\" xmlns=\"http:\/\/www.w3.org\/2000\/svg\" aria-hidden=\"true\" focusable=\"false\"><path d=\"M12.289,2C6.617,2,3.606,5.648,3.606,9.622c0,1.846,1.025,4.146,2.666,4.878c0.25,0.111,0.381,0.063,0.439-0.169 c0.044-0.175,0.267-1.029,0.365-1.428c0.032-0.128,0.017-0.237-0.091-0.362C6.445,11.911,6.01,10.75,6.01,9.668 c0-2.777,2.194-5.464,5.933-5.464c3.23,0,5.49,2.108,5.49,5.122c0,3.407-1.794,5.768-4.13,5.768c-1.291,0-2.257-1.021-1.948-2.277 c0.372-1.495,1.089-3.112,1.089-4.191c0-0.967-0.542-1.775-1.663-1.775c-1.319,0-2.379,1.309-2.379,3.059 c0,1.115,0.394,1.869,0.394,1.869s-1.302,5.279-1.54,6.261c-0.405,1.666,0.053,4.368,0.094,4.604 c0.021,0.126,0.167,0.169,0.25,0.063c0.129-0.165,1.699-2.419,2.142-4.051c0.158-0.59,0.817-2.995,0.817-2.995 c0.43,0.784,1.681,1.446,3.013,1.446c3.963,0,6.822-3.494,6.822-7.833C20.394,5.112,16.849,2,12.289,2\"><\/path><\/svg><span class=\"wp-block-social-link-label screen-reader-text\">Pinterest<\/span><\/a><\/li>\n\n<li class=\"wp-social-link wp-social-link-instagram  wp-block-social-link\"><a rel=\"noopener nofollow\" target=\"_blank\" href=\"https:\/\/www.instagram.com\/lesperlesdadam\/\" class=\"wp-block-social-link-anchor\"><svg width=\"24\" height=\"24\" viewbox=\"0 0 24 24\" version=\"1.1\" xmlns=\"http:\/\/www.w3.org\/2000\/svg\" aria-hidden=\"true\" focusable=\"false\"><path d=\"M12,4.622c2.403,0,2.688,0.009,3.637,0.052c0.877,0.04,1.354,0.187,1.671,0.31c0.42,0.163,0.72,0.358,1.035,0.673 c0.315,0.315,0.51,0.615,0.673,1.035c0.123,0.317,0.27,0.794,0.31,1.671c0.043,0.949,0.052,1.234,0.052,3.637 s-0.009,2.688-0.052,3.637c-0.04,0.877-0.187,1.354-0.31,1.671c-0.163,0.42-0.358,0.72-0.673,1.035 c-0.315,0.315-0.615,0.51-1.035,0.673c-0.317,0.123-0.794,0.27-1.671,0.31c-0.949,0.043-1.233,0.052-3.637,0.052 s-2.688-0.009-3.637-0.052c-0.877-0.04-1.354-0.187-1.671-0.31c-0.42-0.163-0.72-0.358-1.035-0.673 c-0.315-0.315-0.51-0.615-0.673-1.035c-0.123-0.317-0.27-0.794-0.31-1.671C4.631,14.688,4.622,14.403,4.622,12 s0.009-2.688,0.052-3.637c0.04-0.877,0.187-1.354,0.31-1.671c0.163-0.42,0.358-0.72,0.673-1.035 c0.315-0.315,0.615-0.51,1.035-0.673c0.317-0.123,0.794-0.27,1.671-0.31C9.312,4.631,9.597,4.622,12,4.622 M12,3 C9.556,3,9.249,3.01,8.289,3.054C7.331,3.098,6.677,3.25,6.105,3.472C5.513,3.702,5.011,4.01,4.511,4.511 c-0.5,0.5-0.808,1.002-1.038,1.594C3.25,6.677,3.098,7.331,3.054,8.289C3.01,9.249,3,9.556,3,12c0,2.444,0.01,2.751,0.054,3.711 c0.044,0.958,0.196,1.612,0.418,2.185c0.23,0.592,0.538,1.094,1.038,1.594c0.5,0.5,1.002,0.808,1.594,1.038 c0.572,0.222,1.227,0.375,2.185,0.418C9.249,20.99,9.556,21,12,21s2.751-0.01,3.711-0.054c0.958-0.044,1.612-0.196,2.185-0.418 c0.592-0.23,1.094-0.538,1.594-1.038c0.5-0.5,0.808-1.002,1.038-1.594c0.222-0.572,0.375-1.227,0.418-2.185 C20.99,14.751,21,14.444,21,12s-0.01-2.751-0.054-3.711c-0.044-0.958-0.196-1.612-0.418-2.185c-0.23-0.592-0.538-1.094-1.038-1.594 c-0.5-0.5-1.002-0.808-1.594-1.038c-0.572-0.222-1.227-0.375-2.185-0.418C14.751,3.01,14.444,3,12,3L12,3z M12,7.378 c-2.552,0-4.622,2.069-4.622,4.622S9.448,16.622,12,16.622s4.622-2.069,4.622-4.622S14.552,7.378,12,7.378z M12,15 c-1.657,0-3-1.343-3-3s1.343-3,3-3s3,1.343,3,3S13.657,15,12,15z M16.804,6.116c-0.596,0-1.08,0.484-1.08,1.08 s0.484,1.08,1.08,1.08c0.596,0,1.08-0.484,1.08-1.08S17.401,6.116,16.804,6.116z\"><\/path><\/svg><span class=\"wp-block-social-link-label screen-reader-text\">Instagram<\/span><\/a><\/li>\n\n<li class=\"wp-social-link wp-social-link-facebook  wp-block-social-link\"><a rel=\"noopener nofollow\" target=\"_blank\" href=\"https:\/\/www.facebook.com\/LesPerlesdAdam\/\" class=\"wp-block-social-link-anchor\"><svg width=\"24\" height=\"24\" viewbox=\"0 0 24 24\" version=\"1.1\" xmlns=\"http:\/\/www.w3.org\/2000\/svg\" aria-hidden=\"true\" focusable=\"false\"><path d=\"M12 2C6.5 2 2 6.5 2 12c0 5 3.7 9.1 8.4 9.9v-7H7.9V12h2.5V9.8c0-2.5 1.5-3.9 3.8-3.9 1.1 0 2.2.2 2.2.2v2.5h-1.3c-1.2 0-1.6.8-1.6 1.6V12h2.8l-.4 2.9h-2.3v7C18.3 21.1 22 17 22 12c0-5.5-4.5-10-10-10z\"><\/path><\/svg><span class=\"wp-block-social-link-label screen-reader-text\">Facebook<\/span><\/a><\/li>\n\n<\/ul>\n\n\n\n<div style=\"height:15px\" aria-hidden=\"true\" class=\"wp-block-spacer\"><\/div>","protected":false},"excerpt":{"rendered":"<p>Bonjour \u00e0 tous,Je suis la maman d&rsquo;Adam, un petit gar\u00e7on de 8 ans, curieux et cr\u00e9atif ! Un jour, de retour du centre de loisirs, Adam me donne un petit animal en perles. Tr\u00e8s bizarre ! \u00ab\u00a0Qu&rsquo;est-ce que c&rsquo;est ?\u00a0\u00bb \u00ab\u00a0Des perles \u00e0 repasser !\u00a0\u00bb. La passion Adam est vite devenu fan et nous avons&hellip;<\/p>","protected":false},"author":1,"featured_media":2049,"parent":0,"menu_order":0,"comment_status":"closed","ping_status":"closed","template":"","meta":{"footnotes":""},"class_list":["post-252","page","type-page","status-publish","has-post-thumbnail","hentry"],"yoast_head":"<!-- This site is optimized with the Yoast SEO plugin v27.4 - https:\/\/yoast.com\/product\/yoast-seo-wordpress\/ -->\n<title>Mes Perles \u00e0 Repasser - Qui sommes-nous ?<\/title>\n<meta name=\"description\" content=\"Qui sommes-nous ? \u00c0 4 ans, Adam d\u00e9couvre les perles \u00e0 repasser. \u00c0 6 ans, ce blog est n\u00e9 pour partager des mod\u00e8les \u00e0 imprimer, pour tous !\" \/>\n<meta name=\"robots\" content=\"index, follow, max-snippet:-1, max-image-preview:large, max-video-preview:-1\" \/>\n<link rel=\"canonical\" href=\"https:\/\/mesperlesarepasser.fr\/en\/about-us\/\" \/>\n<meta property=\"og:locale\" content=\"en_GB\" \/>\n<meta property=\"og:type\" content=\"article\" \/>\n<meta property=\"og:title\" content=\"Mes Perles \u00e0 Repasser - Qui sommes-nous ?\" \/>\n<meta property=\"og:description\" content=\"Qui sommes-nous ? \u00c0 4 ans, Adam d\u00e9couvre les perles \u00e0 repasser. \u00c0 6 ans, ce blog est n\u00e9 pour partager des mod\u00e8les \u00e0 imprimer, pour tous !\" \/>\n<meta property=\"og:url\" content=\"https:\/\/mesperlesarepasser.fr\/en\/about-us\/\" \/>\n<meta property=\"og:site_name\" content=\"Mes Perles \u00e0 Repasser\" \/>\n<meta property=\"article:publisher\" content=\"https:\/\/www.facebook.com\/LesPerlesdAdam\/\" \/>\n<meta property=\"article:modified_time\" content=\"2025-11-20T04:41:34+00:00\" \/>\n<meta property=\"og:image\" content=\"https:\/\/mesperlesarepasser.fr\/wp-content\/uploads\/2023\/09\/Adam-1200x500-1.jpg\" \/>\n\t<meta property=\"og:image:width\" content=\"1200\" \/>\n\t<meta property=\"og:image:height\" content=\"500\" \/>\n\t<meta property=\"og:image:type\" content=\"image\/jpeg\" \/>\n<meta name=\"twitter:card\" content=\"summary_large_image\" \/>\n<meta name=\"twitter:label1\" content=\"Estimated reading time\" \/>\n\t<meta name=\"twitter:data1\" content=\"4 minutes\" \/>\n<script type=\"application\/ld+json\" class=\"yoast-schema-graph\">{\"@context\":\"https:\\\/\\\/schema.org\",\"@graph\":[{\"@type\":\"WebPage\",\"@id\":\"https:\\\/\\\/mesperlesarepasser.fr\\\/qui-sommes-nous\\\/\",\"url\":\"https:\\\/\\\/mesperlesarepasser.fr\\\/qui-sommes-nous\\\/\",\"name\":\"Mes Perles \u00e0 Repasser - Qui sommes-nous ?\",\"isPartOf\":{\"@id\":\"https:\\\/\\\/mesperlesarepasser.fr\\\/#website\"},\"primaryImageOfPage\":{\"@id\":\"https:\\\/\\\/mesperlesarepasser.fr\\\/qui-sommes-nous\\\/#primaryimage\"},\"image\":{\"@id\":\"https:\\\/\\\/mesperlesarepasser.fr\\\/qui-sommes-nous\\\/#primaryimage\"},\"thumbnailUrl\":\"https:\\\/\\\/mesperlesarepasser.fr\\\/wp-content\\\/uploads\\\/2023\\\/09\\\/Adam-1200x500-1.jpg\",\"datePublished\":\"2021-08-18T03:35:45+00:00\",\"dateModified\":\"2025-11-20T04:41:34+00:00\",\"description\":\"Qui sommes-nous ? \u00c0 4 ans, Adam d\u00e9couvre les perles \u00e0 repasser. \u00c0 6 ans, ce blog est n\u00e9 pour partager des mod\u00e8les \u00e0 imprimer, pour tous !\",\"breadcrumb\":{\"@id\":\"https:\\\/\\\/mesperlesarepasser.fr\\\/qui-sommes-nous\\\/#breadcrumb\"},\"inLanguage\":\"en-GB\",\"potentialAction\":[{\"@type\":\"ReadAction\",\"target\":[\"https:\\\/\\\/mesperlesarepasser.fr\\\/qui-sommes-nous\\\/\"]}]},{\"@type\":\"ImageObject\",\"inLanguage\":\"en-GB\",\"@id\":\"https:\\\/\\\/mesperlesarepasser.fr\\\/qui-sommes-nous\\\/#primaryimage\",\"url\":\"https:\\\/\\\/mesperlesarepasser.fr\\\/wp-content\\\/uploads\\\/2023\\\/09\\\/Adam-1200x500-1.jpg\",\"contentUrl\":\"https:\\\/\\\/mesperlesarepasser.fr\\\/wp-content\\\/uploads\\\/2023\\\/09\\\/Adam-1200x500-1.jpg\",\"width\":1200,\"height\":500,\"caption\":\"Blog Adam - Mod\u00e8le de Perles \u00e0 repasser \u00e0 imprimer\"},{\"@type\":\"BreadcrumbList\",\"@id\":\"https:\\\/\\\/mesperlesarepasser.fr\\\/qui-sommes-nous\\\/#breadcrumb\",\"itemListElement\":[{\"@type\":\"ListItem\",\"position\":1,\"name\":\"Accueil\",\"item\":\"https:\\\/\\\/mesperlesarepasser.fr\\\/\"},{\"@type\":\"ListItem\",\"position\":2,\"name\":\"Qui sommes-nous ?\"}]},{\"@type\":\"WebSite\",\"@id\":\"https:\\\/\\\/mesperlesarepasser.fr\\\/#website\",\"url\":\"https:\\\/\\\/mesperlesarepasser.fr\\\/\",\"name\":\"Mes Perles \u00e0 Repasser\",\"description\":\"Imprimez vos mod\u00e8les de perles \u00e0 repasser !\",\"publisher\":{\"@id\":\"https:\\\/\\\/mesperlesarepasser.fr\\\/#\\\/schema\\\/person\\\/e54ccc99566c4b6947b51a0d1845ef20\"},\"potentialAction\":[{\"@type\":\"SearchAction\",\"target\":{\"@type\":\"EntryPoint\",\"urlTemplate\":\"https:\\\/\\\/mesperlesarepasser.fr\\\/?s={search_term_string}\"},\"query-input\":{\"@type\":\"PropertyValueSpecification\",\"valueRequired\":true,\"valueName\":\"search_term_string\"}}],\"inLanguage\":\"en-GB\"},{\"@type\":[\"Person\",\"Organization\"],\"@id\":\"https:\\\/\\\/mesperlesarepasser.fr\\\/#\\\/schema\\\/person\\\/e54ccc99566c4b6947b51a0d1845ef20\",\"name\":\"Adam\",\"image\":{\"@type\":\"ImageObject\",\"inLanguage\":\"en-GB\",\"@id\":\"https:\\\/\\\/secure.gravatar.com\\\/avatar\\\/96e7b2a9d02eb3bb7eb8e2dacbe1fed417623a3c7c5c38b692f011c462453d10?s=96&d=retro&r=g\",\"url\":\"https:\\\/\\\/secure.gravatar.com\\\/avatar\\\/96e7b2a9d02eb3bb7eb8e2dacbe1fed417623a3c7c5c38b692f011c462453d10?s=96&d=retro&r=g\",\"contentUrl\":\"https:\\\/\\\/secure.gravatar.com\\\/avatar\\\/96e7b2a9d02eb3bb7eb8e2dacbe1fed417623a3c7c5c38b692f011c462453d10?s=96&d=retro&r=g\",\"caption\":\"Adam\"},\"logo\":{\"@id\":\"https:\\\/\\\/secure.gravatar.com\\\/avatar\\\/96e7b2a9d02eb3bb7eb8e2dacbe1fed417623a3c7c5c38b692f011c462453d10?s=96&d=retro&r=g\"},\"sameAs\":[\"https:\\\/\\\/mesperlesarepasser.fr\",\"https:\\\/\\\/www.facebook.com\\\/LesPerlesdAdam\\\/\",\"https:\\\/\\\/www.instagram.com\\\/lesperlesdadam\\\/\",\"https:\\\/\\\/www.pinterest.fr\\\/LesPerlesdAdam\\\/\"]}]}<\/script>\n<!-- \/ Yoast SEO plugin. -->","yoast_head_json":{"title":"Mes Perles \u00e0 Repasser - About us","description":"At 4 years old, Adam discovered perler beads. This blog was born to share printable patterns for everyone in actual size for pegboards!","robots":{"index":"index","follow":"follow","max-snippet":"max-snippet:-1","max-image-preview":"max-image-preview:large","max-video-preview":"max-video-preview:-1"},"canonical":"https:\/\/mesperlesarepasser.fr\/en\/about-us\/","og_locale":"en_GB","og_type":"article","og_title":"Mes Perles \u00e0 Repasser - Qui sommes-nous ?","og_description":"Qui sommes-nous ? \u00c0 4 ans, Adam d\u00e9couvre les perles \u00e0 repasser. \u00c0 6 ans, ce blog est n\u00e9 pour partager des mod\u00e8les \u00e0 imprimer, pour tous !","og_url":"https:\/\/mesperlesarepasser.fr\/en\/about-us\/","og_site_name":"Mes Perles \u00e0 Repasser","article_publisher":"https:\/\/www.facebook.com\/LesPerlesdAdam\/","article_modified_time":"2025-11-20T04:41:34+00:00","og_image":[{"width":1200,"height":500,"url":"https:\/\/mesperlesarepasser.fr\/wp-content\/uploads\/2023\/09\/Adam-1200x500-1.jpg","type":"image\/jpeg"}],"twitter_card":"summary_large_image","twitter_misc":{"Estimated reading time":"4 minutes"},"schema":{"@context":"https:\/\/schema.org","@graph":[{"@type":"WebPage","@id":"https:\/\/mesperlesarepasser.fr\/qui-sommes-nous\/","url":"https:\/\/mesperlesarepasser.fr\/qui-sommes-nous\/","name":"Mes Perles \u00e0 Repasser - About us","isPartOf":{"@id":"https:\/\/mesperlesarepasser.fr\/#website"},"primaryImageOfPage":{"@id":"https:\/\/mesperlesarepasser.fr\/qui-sommes-nous\/#primaryimage"},"image":{"@id":"https:\/\/mesperlesarepasser.fr\/qui-sommes-nous\/#primaryimage"},"thumbnailUrl":"https:\/\/mesperlesarepasser.fr\/wp-content\/uploads\/2023\/09\/Adam-1200x500-1.jpg","datePublished":"2021-08-18T03:35:45+00:00","dateModified":"2025-11-20T04:41:34+00:00","description":"At 4 years old, Adam discovered perler beads. This blog was born to share printable patterns for everyone in actual size for pegboards!","breadcrumb":{"@id":"https:\/\/mesperlesarepasser.fr\/qui-sommes-nous\/#breadcrumb"},"inLanguage":"en-GB","potentialAction":[{"@type":"ReadAction","target":["https:\/\/mesperlesarepasser.fr\/qui-sommes-nous\/"]}]},{"@type":"ImageObject","inLanguage":"en-GB","@id":"https:\/\/mesperlesarepasser.fr\/qui-sommes-nous\/#primaryimage","url":"https:\/\/mesperlesarepasser.fr\/wp-content\/uploads\/2023\/09\/Adam-1200x500-1.jpg","contentUrl":"https:\/\/mesperlesarepasser.fr\/wp-content\/uploads\/2023\/09\/Adam-1200x500-1.jpg","width":1200,"height":500,"caption":"Blog Adam - Mod\u00e8le de Perles \u00e0 repasser \u00e0 imprimer"},{"@type":"BreadcrumbList","@id":"https:\/\/mesperlesarepasser.fr\/qui-sommes-nous\/#breadcrumb","itemListElement":[{"@type":"ListItem","position":1,"name":"Accueil","item":"https:\/\/mesperlesarepasser.fr\/"},{"@type":"ListItem","position":2,"name":"Qui sommes-nous ?"}]},{"@type":"WebSite","@id":"https:\/\/mesperlesarepasser.fr\/#website","url":"https:\/\/mesperlesarepasser.fr\/","name":"Mes Perles \u00e0 Repasser","description":"Printable perler beads patterns","publisher":{"@id":"https:\/\/mesperlesarepasser.fr\/#\/schema\/person\/e54ccc99566c4b6947b51a0d1845ef20"},"potentialAction":[{"@type":"SearchAction","target":{"@type":"EntryPoint","urlTemplate":"https:\/\/mesperlesarepasser.fr\/?s={search_term_string}"},"query-input":{"@type":"PropertyValueSpecification","valueRequired":true,"valueName":"search_term_string"}}],"inLanguage":"en-GB"},{"@type":["Person","Organization"],"@id":"https:\/\/mesperlesarepasser.fr\/#\/schema\/person\/e54ccc99566c4b6947b51a0d1845ef20","name":"\u2014 Adam","image":{"@type":"ImageObject","inLanguage":"en-GB","@id":"https:\/\/secure.gravatar.com\/avatar\/96e7b2a9d02eb3bb7eb8e2dacbe1fed417623a3c7c5c38b692f011c462453d10?s=96&d=retro&r=g","url":"https:\/\/secure.gravatar.com\/avatar\/96e7b2a9d02eb3bb7eb8e2dacbe1fed417623a3c7c5c38b692f011c462453d10?s=96&d=retro&r=g","contentUrl":"https:\/\/secure.gravatar.com\/avatar\/96e7b2a9d02eb3bb7eb8e2dacbe1fed417623a3c7c5c38b692f011c462453d10?s=96&d=retro&r=g","caption":"Adam"},"logo":{"@id":"https:\/\/secure.gravatar.com\/avatar\/96e7b2a9d02eb3bb7eb8e2dacbe1fed417623a3c7c5c38b692f011c462453d10?s=96&d=retro&r=g"},"sameAs":["https:\/\/mesperlesarepasser.fr","https:\/\/www.facebook.com\/LesPerlesdAdam\/","https:\/\/www.instagram.com\/lesperlesdadam\/","https:\/\/www.pinterest.fr\/LesPerlesdAdam\/"]}]}},"_links":{"self":[{"href":"https:\/\/mesperlesarepasser.fr\/en\/wp-json\/wp\/v2\/pages\/252","targetHints":{"allow":["GET"]}}],"collection":[{"href":"https:\/\/mesperlesarepasser.fr\/en\/wp-json\/wp\/v2\/pages"}],"about":[{"href":"https:\/\/mesperlesarepasser.fr\/en\/wp-json\/wp\/v2\/types\/page"}],"author":[{"embeddable":true,"href":"https:\/\/mesperlesarepasser.fr\/en\/wp-json\/wp\/v2\/users\/1"}],"replies":[{"embeddable":true,"href":"https:\/\/mesperlesarepasser.fr\/en\/wp-json\/wp\/v2\/comments?post=252"}],"version-history":[{"count":0,"href":"https:\/\/mesperlesarepasser.fr\/en\/wp-json\/wp\/v2\/pages\/252\/revisions"}],"wp:featuredmedia":[{"embeddable":true,"href":"https:\/\/mesperlesarepasser.fr\/en\/wp-json\/wp\/v2\/media\/2049"}],"wp:attachment":[{"href":"https:\/\/mesperlesarepasser.fr\/en\/wp-json\/wp\/v2\/media?parent=252"}],"curies":[{"name":"wp","href":"https:\/\/api.w.org\/{rel}","templated":true}]}}